{"id":680,"date":"2016-05-17T15:33:56","date_gmt":"2016-05-17T13:33:56","guid":{"rendered":"http:\/\/naumburg.uni-goettingen.de\/?page_id=680"},"modified":"2024-01-30T22:15:09","modified_gmt":"2024-01-30T21:15:09","slug":"startseite","status":"publish","type":"page","link":"https:\/\/naumburg.uni-goettingen.de\/","title":{"rendered":"Startseite"},"content":{"rendered":"<p>Herzlich Willkommen zur Internetpr\u00e4senz der Naumburger Bisch\u00f6fe von 968 bis 1564!<\/p>\n<p>Diese Seite ist im Rahmen des Seminars \u201eDigitale Werkzeuge f\u00fcr Historiker\u201c am Seminar f\u00fcr\u00a0Mittlere und Neuere Geschichte der Georg-August-Universit\u00e4t G\u00f6ttingen im Sommersemester 2016 entstanden.<\/p>\n<p>Sie bietet umfangreiche biografische Informationen sowie\u00a0Kartenmaterial, Statistiken und wissenschaftliche Literatur rund um das Bistum Naumburg und seine Bisch\u00f6fe.<\/p>\n<p>Als Grundlage diente uns die digitale Ausgabe des Germania Sacra-Bandes<a href=\"https:\/\/rep.adw-goe.de\/handle\/11858\/00-001S-0000-0003-16F6-A\" target=\"_blank\" rel=\"noopener\"> NF 35,2 \u201eDas Bistum Naumburg\u201c<\/a> von Heinz Wie\u00dfner (Berlin\/New York, 1998). Die Inhalte haben wir in unterschiedlichen Arbeitsschritten aufbereitet und mit verschiedenen Tools abgebildet. Eine Beschreibung der verwendeten Tools finden Sie <a href=\"https:\/\/naumburg.uni-goettingen.de\/?page_id=1712\">hier<\/a>.<\/p>\n<p>Wir w\u00fcnschen viel Spa\u00df beim St\u00f6bern auf unserer Seite!<\/p>\n","protected":false},"excerpt":{"rendered":"<p>Herzlich Willkommen zur Internetpr\u00e4senz der Naumburger Bisch\u00f6fe von 968 bis 1564! Diese Seite ist im Rahmen des Seminars \u201eDigitale Werkzeuge f\u00fcr Historiker\u201c am Seminar f\u00fcr\u00a0Mittlere und Neuere Geschichte der Georg-August-Universit\u00e4t G\u00f6ttingen im Sommersemester 2016 entstanden. Sie bietet umfangreiche biografische Informationen sowie\u00a0Kartenmaterial, Statistiken und wissenschaftliche Literatur rund um das Bistum Naumburg und seine Bisch\u00f6fe. Als Grundlage&hellip;<a href=\"https:\/\/naumburg.uni-goettingen.de\/\">Weiterlesen <span class=\"screen-reader-text\">Startseite<\/span><\/a><\/p>\n","protected":false},"author":2,"featured_media":0,"parent":0,"menu_order":1,"comment_status":"closed","ping_status":"closed","template":"","meta":{"footnotes":""},"class_list":["post-680","page","type-page","status-publish","hentry"],"_links":{"self":[{"href":"https:\/\/naumburg.uni-goettingen.de\/index.php?rest_route=\/wp\/v2\/pages\/680","targetHints":{"allow":["GET"]}}],"collection":[{"href":"https:\/\/naumburg.uni-goettingen.de\/index.php?rest_route=\/wp\/v2\/pages"}],"about":[{"href":"https:\/\/naumburg.uni-goettingen.de\/index.php?rest_route=\/wp\/v2\/types\/page"}],"author":[{"embeddable":true,"href":"https:\/\/naumburg.uni-goettingen.de\/index.php?rest_route=\/wp\/v2\/users\/2"}],"replies":[{"embeddable":true,"href":"https:\/\/naumburg.uni-goettingen.de\/index.php?rest_route=%2Fwp%2Fv2%2Fcomments&post=680"}],"version-history":[{"count":18,"href":"https:\/\/naumburg.uni-goettingen.de\/index.php?rest_route=\/wp\/v2\/pages\/680\/revisions"}],"predecessor-version":[{"id":2639,"href":"https:\/\/naumburg.uni-goettingen.de\/index.php?rest_route=\/wp\/v2\/pages\/680\/revisions\/2639"}],"wp:attachment":[{"href":"https:\/\/naumburg.uni-goettingen.de\/index.php?rest_route=%2Fwp%2Fv2%2Fmedia&parent=680"}],"curies":[{"name":"wp","href":"https:\/\/api.w.org\/{rel}","templated":true}]}}