{"id":636,"date":"2016-05-10T11:29:15","date_gmt":"2016-05-10T09:29:15","guid":{"rendered":"http:\/\/naumburg.uni-goettingen.de\/?page_id=636"},"modified":"2016-07-14T08:51:40","modified_gmt":"2016-07-14T06:51:40","slug":"impressum","status":"publish","type":"page","link":"https:\/\/naumburg.uni-goettingen.de\/?page_id=636","title":{"rendered":"Impressum"},"content":{"rendered":"<div class=\"entry-content\">\n<p>Diese Internetpr\u00e4senz entstand im Rahmen des Projektseminars \u201eDigitale Werkzeuge f\u00fcr Historiker\u201c am Seminar f\u00fcr Mittlere und Neuere Geschichte der Georg-August-Universit\u00e4t G\u00f6ttingen (Sommersemester 2016).<\/p>\n<hr \/>\n<p><strong><em>An der Erstellung der Seite und deren Inhalte waren folgende<br \/>\nStudentinnen und Studenten beteiligt:<\/em><\/strong><\/p>\n<p>Bendix, Helen Miriam<br \/>\nBulla, Sonja<br \/>\nBunnenberg, Leonie<br \/>\nGrebestein, Scarlett<br \/>\nKehr, Jana Farina<br \/>\nPaulick, Paul<br \/>\nPetri, Jacob<br \/>\nReintke, Sebastian<br \/>\nSch\u00e4fer, Stefan<\/p>\n<\/div>\n<p><strong><em>Verantwortlich:<\/em><\/strong><\/p>\n<p>B\u00e4rbel Kr\u00f6ger<br \/>\nAkademie der Wissenschaften zu G\u00f6ttingen<br \/>\nGermania Sacra<br \/>\nGeiststra\u00dfe 10<br \/>\n37073 G\u00f6ttingen<br \/>\nTelefon: 0551\/3921558<br \/>\nbkroege@gwdg.de<\/p>\n<div class=\"entry-content\">\n<p><strong><em>Lizenzrecht:<\/em><\/strong><br \/>\nWir danken dem Domstiftsarchiv Naumburg f\u00fcr das zur Verf\u00fcgung gestellte Bildmaterial (Copyright der Bilder im Header der Website \u201eBildarchiv Vereinigte Domstifter\u201c).<\/p>\n<p><a href=\"http:\/\/creativecommons.org\/licenses\/by-sa\/4.0\/\" rel=\"license\"><img decoding=\"async\" style=\"border-width: 0;\" src=\"https:\/\/i.creativecommons.org\/l\/by-sa\/4.0\/88x31.png\" alt=\"Creative Commons Lizenzvertrag\" \/><\/a><br \/>\nWenn nicht anders vermerkt, sind die Inhalte dieser Webseite unter einer <a href=\"http:\/\/creativecommons.org\/licenses\/by-sa\/4.0\/\" rel=\"license\">Creative Commons Namensnennung &#8211; Weitergabe unter gleichen Bedingungen 4.0 International Lizenz<\/a> lizensiert.<\/p>\n<\/div>\n","protected":false},"excerpt":{"rendered":"<p>Diese Internetpr\u00e4senz entstand im Rahmen des Projektseminars \u201eDigitale Werkzeuge f\u00fcr Historiker\u201c am Seminar f\u00fcr Mittlere und Neuere Geschichte der Georg-August-Universit\u00e4t G\u00f6ttingen (Sommersemester 2016). An der Erstellung der Seite und deren Inhalte waren folgende Studentinnen und Studenten beteiligt: Bendix, Helen Miriam Bulla, Sonja Bunnenberg, Leonie Grebestein, Scarlett Kehr, Jana Farina Paulick, Paul Petri, Jacob Reintke, Sebastian&hellip;<a href=\"https:\/\/naumburg.uni-goettingen.de\/?page_id=636\">Weiterlesen <span class=\"screen-reader-text\">Impressum<\/span><\/a><\/p>\n","protected":false},"author":2,"featured_media":0,"parent":0,"menu_order":0,"comment_status":"closed","ping_status":"closed","template":"","meta":{"footnotes":""},"class_list":["post-636","page","type-page","status-publish","hentry"],"_links":{"self":[{"href":"https:\/\/naumburg.uni-goettingen.de\/index.php?rest_route=\/wp\/v2\/pages\/636","targetHints":{"allow":["GET"]}}],"collection":[{"href":"https:\/\/naumburg.uni-goettingen.de\/index.php?rest_route=\/wp\/v2\/pages"}],"about":[{"href":"https:\/\/naumburg.uni-goettingen.de\/index.php?rest_route=\/wp\/v2\/types\/page"}],"author":[{"embeddable":true,"href":"https:\/\/naumburg.uni-goettingen.de\/index.php?rest_route=\/wp\/v2\/users\/2"}],"replies":[{"embeddable":true,"href":"https:\/\/naumburg.uni-goettingen.de\/index.php?rest_route=%2Fwp%2Fv2%2Fcomments&post=636"}],"version-history":[{"count":17,"href":"https:\/\/naumburg.uni-goettingen.de\/index.php?rest_route=\/wp\/v2\/pages\/636\/revisions"}],"predecessor-version":[{"id":2362,"href":"https:\/\/naumburg.uni-goettingen.de\/index.php?rest_route=\/wp\/v2\/pages\/636\/revisions\/2362"}],"wp:attachment":[{"href":"https:\/\/naumburg.uni-goettingen.de\/index.php?rest_route=%2Fwp%2Fv2%2Fmedia&parent=636"}],"curies":[{"name":"wp","href":"https:\/\/api.w.org\/{rel}","templated":true}]}}