{"id":250,"date":"2016-04-26T09:29:33","date_gmt":"2016-04-26T07:29:33","guid":{"rendered":"http:\/\/naumburg.uni-goettingen.de\/?page_id=250"},"modified":"2016-07-14T09:17:49","modified_gmt":"2016-07-14T07:17:49","slug":"die-bischoefe","status":"publish","type":"page","link":"https:\/\/naumburg.uni-goettingen.de\/?page_id=250","title":{"rendered":"Die Bisch\u00f6fe"},"content":{"rendered":"<p>F\u00fcr eine\u00a0tabellarische \u00dcbersicht \u00fcber alle 42 Bisch\u00f6fe des Bistums Naumburg bitte hier klicken:<\/p>\n<h4><a href=\"https:\/\/naumburg.uni-goettingen.de\/?page_id=2016\" target=\"_blank\"><strong>Tabellarische \u00dcbersicht aller Bisch\u00f6fe<\/strong><\/a><\/h4>\n<p>&nbsp;<\/p>\n<p><strong>Biographien zu den einzelnen Bisch\u00f6fen<\/strong> aus dem Germania-Sacra-Band\u00a0NF 35,2 \u201eDas Bistum Naumburg\u201c von Heinz Wie\u00dfner (Berlin\/New York, 1998) sowie\u00a0weiterf\u00fchrende Informationen und Links zu externen Datenbanken\u00a0finden Sie hier:<\/p>\n<p><strong>\n<!-- Page-list plugin v.4.3 wordpress.org\/plugins\/page-list\/ -->\n<ul class=\"page-list subpages-page-list \">\n<li class=\"page_item page-item-448\"><a href=\"https:\/\/naumburg.uni-goettingen.de\/?page_id=448\">Julius von Pflug, 1542-1564<\/a><\/li>\n<li class=\"page_item page-item-402\"><a href=\"https:\/\/naumburg.uni-goettingen.de\/?page_id=402\">Nikolaus von Amsdorf, 1542-1546<\/a><\/li>\n<li class=\"page_item page-item-820\"><a href=\"https:\/\/naumburg.uni-goettingen.de\/?page_id=820\">Philipp von Wittelsbach (Administrator) 1517-1541<\/a><\/li>\n<li class=\"page_item page-item-592\"><a href=\"https:\/\/naumburg.uni-goettingen.de\/?page_id=592\">Johannes III. von Sch\u00f6nberg, 1492\u20131517<\/a><\/li>\n<li class=\"page_item page-item-380\"><a href=\"https:\/\/naumburg.uni-goettingen.de\/?page_id=380\">Dietrich IV. von Sch\u00f6nberg, 1481-1492<\/a><\/li>\n<li class=\"page_item page-item-390\"><a href=\"https:\/\/naumburg.uni-goettingen.de\/?page_id=390\">Heinrich II. von Stammer, 1466-1481<\/a><\/li>\n<li class=\"page_item page-item-334\"><a href=\"https:\/\/naumburg.uni-goettingen.de\/?page_id=334\">Dietrich III. von Bocksdorf, 1463-1466<\/a><\/li>\n<li class=\"page_item page-item-436\"><a href=\"https:\/\/naumburg.uni-goettingen.de\/?page_id=436\">Georg von Haugwitz, 1463<\/a><\/li>\n<li class=\"page_item page-item-564\"><a href=\"https:\/\/naumburg.uni-goettingen.de\/?page_id=564\">Peter von Schleinitz 1434-1463<\/a><\/li>\n<li class=\"page_item page-item-376\"><a href=\"https:\/\/naumburg.uni-goettingen.de\/?page_id=376\">Johannes II. von Schleinitz, 1422-1434<\/a><\/li>\n<li class=\"page_item page-item-542\"><a href=\"https:\/\/naumburg.uni-goettingen.de\/?page_id=542\">Gerhard II. von Goch, 1409-1422<\/a><\/li>\n<li class=\"page_item page-item-186\"><a href=\"https:\/\/naumburg.uni-goettingen.de\/?page_id=186\">Ulrich II. von Radefeld, 1394\u20131409<\/a><\/li>\n<li class=\"page_item page-item-348\"><a href=\"https:\/\/naumburg.uni-goettingen.de\/?page_id=348\">Christian von Witzleben, 1381-1394<\/a><\/li>\n<li class=\"page_item page-item-586\"><a href=\"https:\/\/naumburg.uni-goettingen.de\/?page_id=586\">Withego II. Hildbrandi, 1372-1381<\/a><\/li>\n<li class=\"page_item page-item-342\"><a href=\"https:\/\/naumburg.uni-goettingen.de\/?page_id=342\">Gerhard I. von Schwarzburg, 1359-1372<\/a><\/li>\n<li class=\"page_item page-item-374\"><a href=\"https:\/\/naumburg.uni-goettingen.de\/?page_id=374\">Rudolf von Nebra, 1352-1359<\/a><\/li>\n<li class=\"page_item page-item-62\"><a href=\"https:\/\/naumburg.uni-goettingen.de\/?page_id=62\">Johann von Neumarkt, 1352 (providierter Bischof)<\/a><\/li>\n<li class=\"page_item page-item-44\"><a href=\"https:\/\/naumburg.uni-goettingen.de\/?page_id=44\">Nikolaus von Luxemburg, 1349-1350 (ernannter Gegenbischof)<\/a><\/li>\n<li class=\"page_item page-item-368\"><a href=\"https:\/\/naumburg.uni-goettingen.de\/?page_id=368\">Johannes I., 1348-1351<\/a><\/li>\n<li class=\"page_item page-item-560\"><a href=\"https:\/\/naumburg.uni-goettingen.de\/?page_id=560\">Withego I. von Ostrau 1335-1348<\/a><\/li>\n<li class=\"page_item page-item-322\"><a href=\"https:\/\/naumburg.uni-goettingen.de\/?page_id=322\">Heinrich von Gr\u00fcnberg, 1316-1335<\/a><\/li>\n<li class=\"page_item page-item-406\"><a href=\"https:\/\/naumburg.uni-goettingen.de\/?page_id=406\">Ulrich I. von Colditz, 1304-1315<\/a><\/li>\n<li class=\"page_item page-item-346\"><a href=\"https:\/\/naumburg.uni-goettingen.de\/?page_id=346\">Bruno von Langenbogen, 1285-1304<\/a><\/li>\n<li class=\"page_item page-item-838\"><a href=\"https:\/\/naumburg.uni-goettingen.de\/?page_id=838\">Ludolf von Mihla, 1280-1285<\/a><\/li>\n<li class=\"page_item page-item-576\"><a href=\"https:\/\/naumburg.uni-goettingen.de\/?page_id=576\">Meinher von Neuenburg, 1272-1280<\/a><\/li>\n<li class=\"page_item page-item-262\"><a href=\"https:\/\/naumburg.uni-goettingen.de\/?page_id=262\">Dietrich II. von Wettin, 1243-1272<\/a><\/li>\n<li class=\"page_item page-item-338\"><a href=\"https:\/\/naumburg.uni-goettingen.de\/?page_id=338\">Engelhard, 1206-1242<\/a><\/li>\n<li class=\"page_item page-item-314\"><a href=\"https:\/\/naumburg.uni-goettingen.de\/?page_id=314\">Berthold II., 1186-1206<\/a><\/li>\n<li class=\"page_item page-item-336\"><a href=\"https:\/\/naumburg.uni-goettingen.de\/?page_id=336\">Udo II. von Veldenz, 1161-1186<\/a><\/li>\n<li class=\"page_item page-item-296\"><a href=\"https:\/\/naumburg.uni-goettingen.de\/?page_id=296\">Berthold I. von Boblas, 1154-1161<\/a><\/li>\n<li class=\"page_item page-item-550\"><a href=\"https:\/\/naumburg.uni-goettingen.de\/?page_id=550\">Wichmann von  Seeburg-Querfurt 1149-1154<\/a><\/li>\n<li class=\"page_item page-item-284\"><a href=\"https:\/\/naumburg.uni-goettingen.de\/?page_id=284\">Udo I. von Th\u00fcringen, 1125-1148<\/a><\/li>\n<li class=\"page_item page-item-288\"><a href=\"https:\/\/naumburg.uni-goettingen.de\/?page_id=288\">Richwin, 1123-1125<\/a><\/li>\n<li class=\"page_item page-item-316\"><a href=\"https:\/\/naumburg.uni-goettingen.de\/?page_id=316\">Dietrich I., 1111-1123<\/a><\/li>\n<li class=\"page_item page-item-848\"><a href=\"https:\/\/naumburg.uni-goettingen.de\/?page_id=848\">Walram, 1091-1111<\/a><\/li>\n<li class=\"page_item page-item-386\"><a href=\"https:\/\/naumburg.uni-goettingen.de\/?page_id=386\">G\u00fcnther von Wettin, 1079-1090<\/a><\/li>\n<li class=\"page_item page-item-450\"><a href=\"https:\/\/naumburg.uni-goettingen.de\/?page_id=450\">Eberhard, 1045-1079<\/a><\/li>\n<li class=\"page_item page-item-282\"><a href=\"https:\/\/naumburg.uni-goettingen.de\/?page_id=282\">Kadeloh, 1030-1045<\/a><\/li>\n<li class=\"page_item page-item-280\"><a href=\"https:\/\/naumburg.uni-goettingen.de\/?page_id=280\">Hildeward, 1003-1030<\/a><\/li>\n<li class=\"page_item page-item-290\"><a href=\"https:\/\/naumburg.uni-goettingen.de\/?page_id=290\">Hugo II. , 991-1002<\/a><\/li>\n<li class=\"page_item page-item-266\"><a href=\"https:\/\/naumburg.uni-goettingen.de\/?page_id=266\">Friedrich, 979-990<\/a><\/li>\n<li class=\"page_item page-item-276\"><a href=\"https:\/\/naumburg.uni-goettingen.de\/?page_id=276\">Hugo I. von Zeitz, 968-979<\/a><\/li>\n\n<\/ul><\/strong><\/p>\n<p>&nbsp;<\/p>\n<p>&nbsp;<\/p>\n","protected":false},"excerpt":{"rendered":"<p>F\u00fcr eine\u00a0tabellarische \u00dcbersicht \u00fcber alle 42 Bisch\u00f6fe des Bistums Naumburg bitte hier klicken: Tabellarische \u00dcbersicht aller Bisch\u00f6fe &nbsp; Biographien zu den einzelnen Bisch\u00f6fen aus dem Germania-Sacra-Band\u00a0NF 35,2 \u201eDas Bistum Naumburg\u201c von Heinz Wie\u00dfner (Berlin\/New York, 1998) sowie\u00a0weiterf\u00fchrende Informationen und Links zu externen Datenbanken\u00a0finden Sie hier: &nbsp; &nbsp;<\/p>\n","protected":false},"author":2,"featured_media":0,"parent":0,"menu_order":2,"comment_status":"closed","ping_status":"closed","template":"","meta":{"footnotes":""},"class_list":["post-250","page","type-page","status-publish","hentry"],"_links":{"self":[{"href":"https:\/\/naumburg.uni-goettingen.de\/index.php?rest_route=\/wp\/v2\/pages\/250","targetHints":{"allow":["GET"]}}],"collection":[{"href":"https:\/\/naumburg.uni-goettingen.de\/index.php?rest_route=\/wp\/v2\/pages"}],"about":[{"href":"https:\/\/naumburg.uni-goettingen.de\/index.php?rest_route=\/wp\/v2\/types\/page"}],"author":[{"embeddable":true,"href":"https:\/\/naumburg.uni-goettingen.de\/index.php?rest_route=\/wp\/v2\/users\/2"}],"replies":[{"embeddable":true,"href":"https:\/\/naumburg.uni-goettingen.de\/index.php?rest_route=%2Fwp%2Fv2%2Fcomments&post=250"}],"version-history":[{"count":19,"href":"https:\/\/naumburg.uni-goettingen.de\/index.php?rest_route=\/wp\/v2\/pages\/250\/revisions"}],"predecessor-version":[{"id":2372,"href":"https:\/\/naumburg.uni-goettingen.de\/index.php?rest_route=\/wp\/v2\/pages\/250\/revisions\/2372"}],"wp:attachment":[{"href":"https:\/\/naumburg.uni-goettingen.de\/index.php?rest_route=%2Fwp%2Fv2%2Fmedia&parent=250"}],"curies":[{"name":"wp","href":"https:\/\/api.w.org\/{rel}","templated":true}]}}