{"id":1712,"date":"2016-07-03T15:03:23","date_gmt":"2016-07-03T13:03:23","guid":{"rendered":"http:\/\/naumburg.uni-goettingen.de\/?page_id=1712"},"modified":"2020-11-03T11:30:56","modified_gmt":"2020-11-03T10:30:56","slug":"tools","status":"publish","type":"page","link":"https:\/\/naumburg.uni-goettingen.de\/?page_id=1712","title":{"rendered":"Tools"},"content":{"rendered":"<p>F\u00fcr die Erstellung dieser Website wurden unterschiedliche Tools verwendet, die im Folgenden kurz vorgestellt werden.<\/p>\n<p><a href=\"https:\/\/carto.com\/\" target=\"_blank\" rel=\"noopener noreferrer\">Carto<\/a><\/p>\n<p>Zur Erstellung von Karten wurde unter anderem\u00a0das kostenlose und browserbasierte Tool Carto verwendet, das es erm\u00f6glicht\u00a0mit geringem Aufwand\u00a0interaktive Karten zu erstellen und in die eigene Webseite einzubinden. Anbieter der Webanwendung\u00a0ist die US amerikanische Privatfirma\u00a0 CartoDB, Inc. (Account erforderlich)<\/p>\n<p><a href=\"http:\/\/geobrowser.de.dariah.eu\/\" target=\"_blank\" rel=\"noopener noreferrer\">DARIAH-DE Geo-Browser<\/a><\/p>\n<p>Der Geo-Browser (im Rahmen von DARIAH-DE von der\u00a0Nieders\u00e4chsischen Staats- und Universit\u00e4tsbibliothek G\u00f6ttingen\u00a0koordiniert)\u00a0ist ein frei verf\u00fcgbares\u00a0Tool zur kartografischen Visualisierung. Datens\u00e4tze bzw. zeitlich unterscheidbare Statistiken und verschiedene historische Karten k\u00f6nnen miteinander kombiniert werden, um\u00a0Relationen aus Zeit und Raum herzustellen.<br \/>\nIm Rahmen des Seminars wurden vor allem die angebotenen Funktionen zur\u00a0semi-automatischen Georeferenzierung\u00a0unter\u00a0Verwendung von Norm-Datens\u00e4tzen erprobt.\u00a0 (kein Account erforderlich)<\/p>\n<p><a href=\"https:\/\/www.google.com\/intl\/de\/drive\/\" target=\"_blank\" rel=\"noopener noreferrer\">Google Drive<\/a><\/p>\n<p>Der von Google bereitgestellte File-Hosting-Dienst erm\u00f6glicht es, Datens\u00e4tze in Form von Dokumenten, Tabellen, Grafiken etc. zu erstellen, online zu speichern und mittels der browserbasierten Anwendung gemeinsam zu bearbeiten. Zur Datenverbreitung und Visualisierung von Daten wurden die angebotenen Anwendungen Google Docs, Google Tabellen und Google Fusion Table genutzt. (Account erforderlich)<\/p>\n<p><a href=\"https:\/\/support.google.com\/fusiontables#topic=1652595\" target=\"_blank\" rel=\"noopener noreferrer\">Google Fusion Tables<\/a><\/p>\n<p>Diese Webanwendung, die durch Google Drive genutzt werden kann, wurde verwendet, um die ausgewerteten Daten in Form von Diagrammen aufzubereiten. Ein Teil der Karten der Internetpr\u00e4senz wurde mit Google Fusion Table visualisiert. (2019 eingestellt)<\/p>\n<p><a href=\"https:\/\/www.google.com\/mymaps\">Google MyMaps<\/a><\/p>\n<p>Mit Google MyMaps k\u00f6nnen Karten im Stil der bekannten Webanwendung &#8222;Google Maps&#8220; erstellt werden. Die ben\u00f6tigten Daten k\u00f6nnen beispielsweise aus Google Fusion Tables importiert werden. Zum Benutzen der Anwendung wird ein Google-Konto ben\u00f6tigt. (Account erforderlich)<\/p>\n<p><a href=\"http:\/\/raw.densitydesign.org\/\">RAW<\/a><\/p>\n<p>RAW ist ein kostenloses, englischsprachiges Angebot des italienischen Entwicklerstudios <a href=\"http:\/\/www.densitydesign.org\/\" target=\"_blank\" rel=\"noopener noreferrer\">DensityDesign<\/a>. RAW erm\u00f6glicht Benutzern, durch &#8222;Copy&amp;Paste&#8220; eigene Daten in das Tool einzugeben und auf der Grundlage\u00a0dieser Daten mathematisch orientierte Diagramme zu erstellen. RAW\u00a0bietet versierten Nutzern ebenfalls die M\u00f6glichkeit, selbst programmierte Diagrammtypen einzuf\u00fcgen. (kein Account erforderlich)<\/p>\n<p><a href=\"http:\/\/timemapper.okfnlabs.org\/\">TimeMapper<\/a><\/p>\n<p>TimeMapper ist ein kostenloses, englischsprachiges Tool zur Erstellung von digitalen Zeitleisten. TimeMapper kann die ben\u00f6tigten Daten direkt aus einer vom Benutzer eingef\u00fcgten Tabelle herauslesen und auf ihrer Basis eine chronologische Abfolge der Daten erstellen. Auch das Einf\u00fcgen von Medien in der Zeitleiste ist m\u00f6glich. (TimeMapper ist ein OpenSourceProjekt der\u00a0<a href=\"http:\/\/okfnlabs.org\/\" target=\"_blank\" rel=\"noopener noreferrer\">Open Knowledge Foundation Labs<\/a>). (Account erforderlich)<\/p>\n<p><a href=\"http:\/\/voyant-tools.org\/\" target=\"_blank\" rel=\"noopener noreferrer\">Voyant Tools<\/a><\/p>\n<p>Voyant Tools ist eine englischsprachige frei verf\u00fcgbare Onlineressource zur Analyse digitaler Texte. Mithilfe der Anwendung k\u00f6nnen unter anderem\u00a0Wortwolken generiert und individuell angepasst werden. (Sinclair, St\u00e9fan and Geoffrey Rockwell, 2016. <em>Voyant Tools<\/em>. Web. <a href=\"http:\/\/voyant-tools.org\/\">http:\/\/voyant-tools.org\/<\/a>.)\u00a0 (kein Account erforderlich)<\/p>\n<p><a href=\"https:\/\/wordpress.org\/\" target=\"_blank\" rel=\"noopener noreferrer\">WordPress<\/a><\/p>\n<p>Mit dem weit verbreiteten Content-Management-System\u00a0WordPress ist es m\u00f6glich, schnell und unkompliziert einen eigenen Blog bzw. eine eigene Website zu erstellen\u00a0(Open-Source-Angebot der WordPress Foundation).\u00a0 (Account erforderlich)<\/p>\n<p><a href=\"https:\/\/www.zotero.org\/\" target=\"_blank\" rel=\"noopener noreferrer\">Zotero<\/a><\/p>\n<p>Zotero ist ein Open-Source-Literaturverwaltungsprogramm\u00a0des\u00a0<a href=\"http:\/\/chnm.gmu.edu\/\">Roy Rosenzweig Center for History and New Media<\/a>. Es dient zum Sammeln, Verwalten und Sortieren von Literatur- und Onlinequellen. Im Rahmen des Seminars wurde eine kollaborative Online-Bibliografie erstellt.\u00a0(Account erforderlich)<\/p>\n","protected":false},"excerpt":{"rendered":"<p>F\u00fcr die Erstellung dieser Website wurden unterschiedliche Tools verwendet, die im Folgenden kurz vorgestellt werden. Carto Zur Erstellung von Karten wurde unter anderem\u00a0das kostenlose und browserbasierte Tool Carto verwendet, das es erm\u00f6glicht\u00a0mit geringem Aufwand\u00a0interaktive Karten zu erstellen und in die eigene Webseite einzubinden. Anbieter der Webanwendung\u00a0ist die US amerikanische Privatfirma\u00a0 CartoDB, Inc. (Account erforderlich) DARIAH-DE&hellip;<a href=\"https:\/\/naumburg.uni-goettingen.de\/?page_id=1712\">Weiterlesen <span class=\"screen-reader-text\">Tools<\/span><\/a><\/p>\n","protected":false},"author":16,"featured_media":0,"parent":0,"menu_order":0,"comment_status":"closed","ping_status":"closed","template":"","meta":{"footnotes":""},"class_list":["post-1712","page","type-page","status-publish","hentry"],"_links":{"self":[{"href":"https:\/\/naumburg.uni-goettingen.de\/index.php?rest_route=\/wp\/v2\/pages\/1712","targetHints":{"allow":["GET"]}}],"collection":[{"href":"https:\/\/naumburg.uni-goettingen.de\/index.php?rest_route=\/wp\/v2\/pages"}],"about":[{"href":"https:\/\/naumburg.uni-goettingen.de\/index.php?rest_route=\/wp\/v2\/types\/page"}],"author":[{"embeddable":true,"href":"https:\/\/naumburg.uni-goettingen.de\/index.php?rest_route=\/wp\/v2\/users\/16"}],"replies":[{"embeddable":true,"href":"https:\/\/naumburg.uni-goettingen.de\/index.php?rest_route=%2Fwp%2Fv2%2Fcomments&post=1712"}],"version-history":[{"count":45,"href":"https:\/\/naumburg.uni-goettingen.de\/index.php?rest_route=\/wp\/v2\/pages\/1712\/revisions"}],"predecessor-version":[{"id":2634,"href":"https:\/\/naumburg.uni-goettingen.de\/index.php?rest_route=\/wp\/v2\/pages\/1712\/revisions\/2634"}],"wp:attachment":[{"href":"https:\/\/naumburg.uni-goettingen.de\/index.php?rest_route=%2Fwp%2Fv2%2Fmedia&parent=1712"}],"curies":[{"name":"wp","href":"https:\/\/api.w.org\/{rel}","templated":true}]}}