{"id":1128,"date":"2016-06-13T17:13:22","date_gmt":"2016-06-13T15:13:22","guid":{"rendered":"http:\/\/naumburg.uni-goettingen.de\/?page_id=1128"},"modified":"2016-08-30T14:44:13","modified_gmt":"2016-08-30T12:44:13","slug":"timeline","status":"publish","type":"page","link":"https:\/\/naumburg.uni-goettingen.de\/?page_id=1128","title":{"rendered":"Zeitleiste aller Naumburger Bisch\u00f6fe"},"content":{"rendered":"<p>Diese Zeitleiste zeigt die Naumburger Bisch\u00f6fe in chronologischer Ordnung.\u00a0Zu einer Vielzahl der Bisch\u00f6fe ist <strong>Bildmaterial<\/strong> verhanden, so etwa Abbildungen einzelner Bisch\u00f6fe auf den\u00a0Glasfenstern im Westchor des Naumburger Doms oder Siegelzeichnungen, des weiteren einzelne\u00a0Abbildungen auf\u00a0Grabm\u00e4lern, Altarbilder, Buchmalereien und Portr\u00e4tgem\u00e4lde.<\/p>\n<p>Diese Zeitleiste wurde mit dem Tool &#8222;TimeMapper&#8220; erstellt. F\u00fcr Informationen zu diesem Tool bitte <a href=\"https:\/\/naumburg.uni-goettingen.de\/?page_id=1712\">hier<\/a> klicken.<\/p>\n<p><iframe loading=\"lazy\" style=\"border: none;\" src=\"http:\/\/timemapper.okfnlabs.org\/germaniasacra\/naumburgerbischoefetimeline?embed=1\" width=\"100%\" height=\"780;\" frameborder=\"0\"><\/iframe><\/p>\n","protected":false},"excerpt":{"rendered":"<p>Diese Zeitleiste zeigt die Naumburger Bisch\u00f6fe in chronologischer Ordnung.\u00a0Zu einer Vielzahl der Bisch\u00f6fe ist Bildmaterial verhanden, so etwa Abbildungen einzelner Bisch\u00f6fe auf den\u00a0Glasfenstern im Westchor des Naumburger Doms oder Siegelzeichnungen, des weiteren einzelne\u00a0Abbildungen auf\u00a0Grabm\u00e4lern, Altarbilder, Buchmalereien und Portr\u00e4tgem\u00e4lde. Diese Zeitleiste wurde mit dem Tool &#8222;TimeMapper&#8220; erstellt. F\u00fcr Informationen zu diesem Tool bitte hier klicken.<\/p>\n","protected":false},"author":2,"featured_media":0,"parent":2300,"menu_order":1,"comment_status":"closed","ping_status":"closed","template":"","meta":{"footnotes":""},"class_list":["post-1128","page","type-page","status-publish","hentry"],"_links":{"self":[{"href":"https:\/\/naumburg.uni-goettingen.de\/index.php?rest_route=\/wp\/v2\/pages\/1128","targetHints":{"allow":["GET"]}}],"collection":[{"href":"https:\/\/naumburg.uni-goettingen.de\/index.php?rest_route=\/wp\/v2\/pages"}],"about":[{"href":"https:\/\/naumburg.uni-goettingen.de\/index.php?rest_route=\/wp\/v2\/types\/page"}],"author":[{"embeddable":true,"href":"https:\/\/naumburg.uni-goettingen.de\/index.php?rest_route=\/wp\/v2\/users\/2"}],"replies":[{"embeddable":true,"href":"https:\/\/naumburg.uni-goettingen.de\/index.php?rest_route=%2Fwp%2Fv2%2Fcomments&post=1128"}],"version-history":[{"count":10,"href":"https:\/\/naumburg.uni-goettingen.de\/index.php?rest_route=\/wp\/v2\/pages\/1128\/revisions"}],"predecessor-version":[{"id":2546,"href":"https:\/\/naumburg.uni-goettingen.de\/index.php?rest_route=\/wp\/v2\/pages\/1128\/revisions\/2546"}],"up":[{"embeddable":true,"href":"https:\/\/naumburg.uni-goettingen.de\/index.php?rest_route=\/wp\/v2\/pages\/2300"}],"wp:attachment":[{"href":"https:\/\/naumburg.uni-goettingen.de\/index.php?rest_route=%2Fwp%2Fv2%2Fmedia&parent=1128"}],"curies":[{"name":"wp","href":"https:\/\/api.w.org\/{rel}","templated":true}]}}